{"id":2309,"date":"2020-07-09T11:30:27","date_gmt":"2020-07-09T09:30:27","guid":{"rendered":"https:\/\/forum-fts.com\/consulting-packages\/6-mentoring-the-contract-awarding\/"},"modified":"2024-06-17T20:40:48","modified_gmt":"2024-06-17T18:40:48","slug":"6-mentoring-the-contract-awarding","status":"publish","type":"page","link":"https:\/\/forum-fts.com\/en\/consulting-planning\/consulting-packages\/6-mentoring-the-contract-awarding\/","title":{"rendered":"7. Mentoring the Contract Awarding"},"content":{"rendered":"\t\t<div data-elementor-type=\"wp-page\" data-elementor-id=\"2309\" class=\"elementor elementor-2309 elementor-916\" data-elementor-post-type=\"page\">\n\t\t\t\t<div class=\"elementor-element elementor-element-5a2c270 e-flex e-con-boxed e-con e-parent\" data-id=\"5a2c270\" data-element_type=\"container\" data-e-type=\"container\" data-settings=\"{&quot;background_background&quot;:&quot;classic&quot;}\">\n\t\t\t\t\t<div class=\"e-con-inner\">\n\t\t<div class=\"elementor-element elementor-element-6729d73 e-con-full e-flex e-con e-child\" data-id=\"6729d73\" data-element_type=\"container\" data-e-type=\"container\" data-settings=\"{&quot;background_background&quot;:&quot;classic&quot;}\">\n\t\t\t\t<div class=\"elementor-element elementor-element-b4c36f1 elementor-widget elementor-widget-heading\" data-id=\"b4c36f1\" data-element_type=\"widget\" data-e-type=\"widget\" data-widget_type=\"heading.default\">\n\t\t\t\t\t<h4 class=\"elementor-heading-title elementor-size-default\">Consulting package 7<\/h4>\t\t\t\t<\/div>\n\t\t\t\t<div class=\"elementor-element elementor-element-80e268a elementor-widget elementor-widget-heading\" data-id=\"80e268a\" data-element_type=\"widget\" data-e-type=\"widget\" data-widget_type=\"heading.default\">\n\t\t\t\t\t<h4 class=\"elementor-heading-title elementor-size-default\">Mentoring the Contract Awarding<\/h4>\t\t\t\t<\/div>\n\t\t\t\t<div class=\"elementor-element elementor-element-a8b4c93 elementor-widget-divider--view-line elementor-widget elementor-widget-divider\" data-id=\"a8b4c93\" data-element_type=\"widget\" data-e-type=\"widget\" data-widget_type=\"divider.default\">\n\t\t\t\t\t\t\t<div class=\"elementor-divider\">\n\t\t\t<span class=\"elementor-divider-separator\">\n\t\t\t\t\t\t<\/span>\n\t\t<\/div>\n\t\t\t\t\t\t<\/div>\n\t\t\t\t<div class=\"elementor-element elementor-element-4f3f66c elementor-share-buttons--view-icon elementor-share-buttons--shape-circle elementor-share-buttons--skin-gradient elementor-grid-0 elementor-share-buttons--color-official elementor-widget elementor-widget-share-buttons\" data-id=\"4f3f66c\" data-element_type=\"widget\" data-e-type=\"widget\" data-widget_type=\"share-buttons.default\">\n\t\t\t\t\t\t\t<div class=\"elementor-grid\" role=\"list\">\n\t\t\t\t\t\t\t\t<div class=\"elementor-grid-item\" role=\"listitem\">\n\t\t\t\t\t\t<div class=\"elementor-share-btn elementor-share-btn_facebook\" role=\"button\" tabindex=\"0\" aria-label=\"Share on facebook\">\n\t\t\t\t\t\t\t\t\t\t\t\t\t\t\t<span class=\"elementor-share-btn__icon\">\n\t\t\t\t\t\t\t\t<i class=\"fab fa-facebook\" aria-hidden=\"true\"><\/i>\t\t\t\t\t\t\t<\/span>\n\t\t\t\t\t\t\t\t\t\t\t\t\t\t\t\t\t\t\t\t<\/div>\n\t\t\t\t\t<\/div>\n\t\t\t\t\t\t\t\t\t<div class=\"elementor-grid-item\" role=\"listitem\">\n\t\t\t\t\t\t<div class=\"elementor-share-btn elementor-share-btn_linkedin\" role=\"button\" tabindex=\"0\" aria-label=\"Share on linkedin\">\n\t\t\t\t\t\t\t\t\t\t\t\t\t\t\t<span class=\"elementor-share-btn__icon\">\n\t\t\t\t\t\t\t\t<i class=\"fab fa-linkedin\" aria-hidden=\"true\"><\/i>\t\t\t\t\t\t\t<\/span>\n\t\t\t\t\t\t\t\t\t\t\t\t\t\t\t\t\t\t\t\t<\/div>\n\t\t\t\t\t<\/div>\n\t\t\t\t\t\t\t\t\t<div class=\"elementor-grid-item\" role=\"listitem\">\n\t\t\t\t\t\t<div class=\"elementor-share-btn elementor-share-btn_xing\" role=\"button\" tabindex=\"0\" aria-label=\"Share on xing\">\n\t\t\t\t\t\t\t\t\t\t\t\t\t\t\t<span class=\"elementor-share-btn__icon\">\n\t\t\t\t\t\t\t\t<i class=\"fab fa-xing\" aria-hidden=\"true\"><\/i>\t\t\t\t\t\t\t<\/span>\n\t\t\t\t\t\t\t\t\t\t\t\t\t\t\t\t\t\t\t\t<\/div>\n\t\t\t\t\t<\/div>\n\t\t\t\t\t\t<\/div>\n\t\t\t\t\t\t<\/div>\n\t\t\t\t<div class=\"elementor-element elementor-element-56fd7f6 elementor-icon-list--layout-traditional elementor-list-item-link-full_width elementor-widget elementor-widget-icon-list\" data-id=\"56fd7f6\" data-element_type=\"widget\" data-e-type=\"widget\" data-widget_type=\"icon-list.default\">\n\t\t\t\t\t\t\t<ul class=\"elementor-icon-list-items\">\n\t\t\t\t\t\t\t<li class=\"elementor-icon-list-item\">\n\t\t\t\t\t\t\t\t\t\t\t<span class=\"elementor-icon-list-icon\">\n\t\t\t\t\t\t\t<i aria-hidden=\"true\" class=\"fas fa-euro-sign\"><\/i>\t\t\t\t\t\t<\/span>\n\t\t\t\t\t\t\t\t\t\t<span class=\"elementor-icon-list-text\">-<\/span>\n\t\t\t\t\t\t\t\t\t<\/li>\n\t\t\t\t\t\t<\/ul>\n\t\t\t\t\t\t<\/div>\n\t\t\t\t<\/div>\n\t\t<div class=\"elementor-element elementor-element-da16bc9 e-con-full e-flex e-con e-child\" data-id=\"da16bc9\" data-element_type=\"container\" data-e-type=\"container\">\n\t\t\t\t<div class=\"elementor-element elementor-element-d089c92 elementor-widget elementor-widget-heading\" data-id=\"d089c92\" data-element_type=\"widget\" data-e-type=\"widget\" data-widget_type=\"heading.default\">\n\t\t\t\t\t<h3 class=\"elementor-heading-title elementor-size-default\">Tasks<\/h3>\t\t\t\t<\/div>\n\t\t\t\t<div class=\"elementor-element elementor-element-9b601f2 elementor-widget elementor-widget-text-editor\" data-id=\"9b601f2\" data-element_type=\"widget\" data-e-type=\"widget\" data-widget_type=\"text-editor.default\">\n\t\t\t\t\t\t\t\t\t<p>After receiving and evaluating the offers, the client&#8217;s purchasing department selects the supplier. A contract is concluded between the client and the contractor.<\/p>\n<p>Bei diesem Vorgang unterst\u00fctzen wir NICHT. Das Forum-FTS arbeitet mit den meisten FTS-Herstellern zusammen und w\u00fcrde bei so einer Aufgabe die Neutralit\u00e4t aufgeben m\u00fcssen.<\/p>\n\t\t\t\t\t\t\t\t<\/div>\n\t\t\t\t<div class=\"elementor-element elementor-element-e0fa375 elementor-widget elementor-widget-heading\" data-id=\"e0fa375\" data-element_type=\"widget\" data-e-type=\"widget\" data-widget_type=\"heading.default\">\n\t\t\t\t\t<h3 class=\"elementor-heading-title elementor-size-default\">Objective<\/h3>\t\t\t\t<\/div>\n\t\t\t\t<div class=\"elementor-element elementor-element-6050983 elementor-widget elementor-widget-text-editor\" data-id=\"6050983\" data-element_type=\"widget\" data-e-type=\"widget\" data-widget_type=\"text-editor.default\">\n\t\t\t\t\t\t\t\t\t<p>No support from the Forum AGV.<\/p>\n\t\t\t\t\t\t\t\t<\/div>\n\t\t\t\t<div class=\"elementor-element elementor-element-931f3e2 elementor-widget elementor-widget-heading\" data-id=\"931f3e2\" data-element_type=\"widget\" data-e-type=\"widget\" data-widget_type=\"heading.default\">\n\t\t\t\t\t<h3 class=\"elementor-heading-title elementor-size-default\">Scope of Services<\/h3>\t\t\t\t<\/div>\n\t\t\t\t<div class=\"elementor-element elementor-element-fc64801 elementor-widget elementor-widget-text-editor\" data-id=\"fc64801\" data-element_type=\"widget\" data-e-type=\"widget\" data-widget_type=\"text-editor.default\">\n\t\t\t\t\t\t\t\t\t<p>No support from the Forum AGV.<\/p>\n\t\t\t\t\t\t\t\t<\/div>\n\t\t\t\t<div class=\"elementor-element elementor-element-8c6ff9c elementor-widget elementor-widget-spacer\" data-id=\"8c6ff9c\" data-element_type=\"widget\" data-e-type=\"widget\" data-widget_type=\"spacer.default\">\n\t\t\t\t\t\t\t<div class=\"elementor-spacer\">\n\t\t\t<div class=\"elementor-spacer-inner\"><\/div>\n\t\t<\/div>\n\t\t\t\t\t\t<\/div>\n\t\t\t\t<\/div>\n\t\t\t\t\t<\/div>\n\t\t\t\t<\/div>\n\t\t\t\t<\/div>\n\t\t","protected":false},"excerpt":{"rendered":"<p>Consulting package 7 Mentoring the Contract Awarding &#8211; Tasks After receiving and evaluating the offers, the client&#8217;s purchasing department selects the supplier. A contract is concluded between the client and the contractor. Bei diesem Vorgang unterst\u00fctzen wir NICHT. Das Forum-FTS arbeitet mit den meisten FTS-Herstellern zusammen und w\u00fcrde bei so einer Aufgabe die Neutralit\u00e4t aufgeben [&hellip;]<\/p>\n","protected":false},"author":4,"featured_media":0,"parent":2295,"menu_order":0,"comment_status":"closed","ping_status":"closed","template":"elementor_header_footer","meta":{"footnotes":""},"class_list":["post-2309","page","type-page","status-publish","hentry"],"yoast_head":"<!-- This site is optimized with the Yoast SEO plugin v27.3 - https:\/\/yoast.com\/product\/yoast-seo-wordpress\/ -->\n<title>7. Mentoring the Contract Awarding &#187; Forum FTS<\/title>\n<meta name=\"description\" content=\"After receiving and evaluating the offers, the employer selects the supplier. In the process, a contract is concluded between the employer and the employee.\" \/>\n<meta name=\"robots\" content=\"index, follow, max-snippet:-1, max-image-preview:large, max-video-preview:-1\" \/>\n<link rel=\"canonical\" href=\"https:\/\/forum-fts.com\/en\/consulting-planning\/consulting-packages\/6-mentoring-the-contract-awarding\/\" \/>\n<meta property=\"og:locale\" content=\"en_US\" \/>\n<meta property=\"og:type\" content=\"article\" \/>\n<meta property=\"og:title\" content=\"7. Mentoring the Contract Awarding &#187; Forum FTS\" \/>\n<meta property=\"og:description\" content=\"After receiving and evaluating the offers, the employer selects the supplier. In the process, a contract is concluded between the employer and the employee.\" \/>\n<meta property=\"og:url\" content=\"https:\/\/forum-fts.com\/en\/consulting-planning\/consulting-packages\/6-mentoring-the-contract-awarding\/\" \/>\n<meta property=\"og:site_name\" content=\"Forum FTS\" \/>\n<meta property=\"article:publisher\" content=\"https:\/\/www.facebook.com\/forumfts\/\" \/>\n<meta property=\"article:modified_time\" content=\"2024-06-17T18:40:48+00:00\" \/>\n<meta name=\"twitter:card\" content=\"summary_large_image\" \/>\n<meta name=\"twitter:label1\" content=\"Est. reading time\" \/>\n\t<meta name=\"twitter:data1\" content=\"1 minute\" \/>\n<script type=\"application\/ld+json\" class=\"yoast-schema-graph\">{\"@context\":\"https:\\\/\\\/schema.org\",\"@graph\":[{\"@type\":\"WebPage\",\"@id\":\"https:\\\/\\\/forum-fts.com\\\/en\\\/consulting-planning\\\/consulting-packages\\\/6-mentoring-the-contract-awarding\\\/\",\"url\":\"https:\\\/\\\/forum-fts.com\\\/en\\\/consulting-planning\\\/consulting-packages\\\/6-mentoring-the-contract-awarding\\\/\",\"name\":\"7. Mentoring the Contract Awarding &#187; Forum FTS\",\"isPartOf\":{\"@id\":\"https:\\\/\\\/forum-fts.com\\\/en\\\/#website\"},\"datePublished\":\"2020-07-09T09:30:27+00:00\",\"dateModified\":\"2024-06-17T18:40:48+00:00\",\"description\":\"After receiving and evaluating the offers, the employer selects the supplier. In the process, a contract is concluded between the employer and the employee.\",\"breadcrumb\":{\"@id\":\"https:\\\/\\\/forum-fts.com\\\/en\\\/consulting-planning\\\/consulting-packages\\\/6-mentoring-the-contract-awarding\\\/#breadcrumb\"},\"inLanguage\":\"en-US\",\"potentialAction\":[{\"@type\":\"ReadAction\",\"target\":[\"https:\\\/\\\/forum-fts.com\\\/en\\\/consulting-planning\\\/consulting-packages\\\/6-mentoring-the-contract-awarding\\\/\"]}]},{\"@type\":\"BreadcrumbList\",\"@id\":\"https:\\\/\\\/forum-fts.com\\\/en\\\/consulting-planning\\\/consulting-packages\\\/6-mentoring-the-contract-awarding\\\/#breadcrumb\",\"itemListElement\":[{\"@type\":\"ListItem\",\"position\":1,\"name\":\"Home\",\"item\":\"https:\\\/\\\/forum-fts.com\\\/en\\\/\"},{\"@type\":\"ListItem\",\"position\":2,\"name\":\"Consulting &#038; planning\",\"item\":\"https:\\\/\\\/forum-fts.com\\\/en\\\/beratung-planung\\\/\"},{\"@type\":\"ListItem\",\"position\":3,\"name\":\"Consulting Packages\",\"item\":\"https:\\\/\\\/forum-fts.com\\\/en\\\/beratung-planung\\\/beratung-planung-fuer-anwender\\\/\"},{\"@type\":\"ListItem\",\"position\":4,\"name\":\"7. Mentoring the Contract Awarding\"}]},{\"@type\":\"WebSite\",\"@id\":\"https:\\\/\\\/forum-fts.com\\\/en\\\/#website\",\"url\":\"https:\\\/\\\/forum-fts.com\\\/en\\\/\",\"name\":\"Forum FTS\",\"description\":\"... f\u00fcr erfolgreiche FTS-Projekte!\",\"publisher\":{\"@id\":\"https:\\\/\\\/forum-fts.com\\\/en\\\/#organization\"},\"potentialAction\":[{\"@type\":\"SearchAction\",\"target\":{\"@type\":\"EntryPoint\",\"urlTemplate\":\"https:\\\/\\\/forum-fts.com\\\/en\\\/?s={search_term_string}\"},\"query-input\":{\"@type\":\"PropertyValueSpecification\",\"valueRequired\":true,\"valueName\":\"search_term_string\"}}],\"inLanguage\":\"en-US\"},{\"@type\":\"Organization\",\"@id\":\"https:\\\/\\\/forum-fts.com\\\/en\\\/#organization\",\"name\":\"Forum-FTS\",\"url\":\"https:\\\/\\\/forum-fts.com\\\/en\\\/\",\"logo\":{\"@type\":\"ImageObject\",\"inLanguage\":\"en-US\",\"@id\":\"https:\\\/\\\/forum-fts.com\\\/en\\\/#\\\/schema\\\/logo\\\/image\\\/\",\"url\":\"https:\\\/\\\/forum-fts.com\\\/wp-content\\\/uploads\\\/2020\\\/03\\\/FTS_claim_color_rgb.svg\",\"contentUrl\":\"https:\\\/\\\/forum-fts.com\\\/wp-content\\\/uploads\\\/2020\\\/03\\\/FTS_claim_color_rgb.svg\",\"width\":2000,\"height\":914,\"caption\":\"Forum-FTS\"},\"image\":{\"@id\":\"https:\\\/\\\/forum-fts.com\\\/en\\\/#\\\/schema\\\/logo\\\/image\\\/\"},\"sameAs\":[\"https:\\\/\\\/www.facebook.com\\\/forumfts\\\/\"]}]}<\/script>\n<!-- \/ Yoast SEO plugin. -->","yoast_head_json":{"title":"7. Mentoring the Contract Awarding &#187; Forum FTS","description":"After receiving and evaluating the offers, the employer selects the supplier. In the process, a contract is concluded between the employer and the employee.","robots":{"index":"index","follow":"follow","max-snippet":"max-snippet:-1","max-image-preview":"max-image-preview:large","max-video-preview":"max-video-preview:-1"},"canonical":"https:\/\/forum-fts.com\/en\/consulting-planning\/consulting-packages\/6-mentoring-the-contract-awarding\/","og_locale":"en_US","og_type":"article","og_title":"7. Mentoring the Contract Awarding &#187; Forum FTS","og_description":"After receiving and evaluating the offers, the employer selects the supplier. In the process, a contract is concluded between the employer and the employee.","og_url":"https:\/\/forum-fts.com\/en\/consulting-planning\/consulting-packages\/6-mentoring-the-contract-awarding\/","og_site_name":"Forum FTS","article_publisher":"https:\/\/www.facebook.com\/forumfts\/","article_modified_time":"2024-06-17T18:40:48+00:00","twitter_card":"summary_large_image","twitter_misc":{"Est. reading time":"1 minute"},"schema":{"@context":"https:\/\/schema.org","@graph":[{"@type":"WebPage","@id":"https:\/\/forum-fts.com\/en\/consulting-planning\/consulting-packages\/6-mentoring-the-contract-awarding\/","url":"https:\/\/forum-fts.com\/en\/consulting-planning\/consulting-packages\/6-mentoring-the-contract-awarding\/","name":"7. Mentoring the Contract Awarding &#187; Forum FTS","isPartOf":{"@id":"https:\/\/forum-fts.com\/en\/#website"},"datePublished":"2020-07-09T09:30:27+00:00","dateModified":"2024-06-17T18:40:48+00:00","description":"After receiving and evaluating the offers, the employer selects the supplier. In the process, a contract is concluded between the employer and the employee.","breadcrumb":{"@id":"https:\/\/forum-fts.com\/en\/consulting-planning\/consulting-packages\/6-mentoring-the-contract-awarding\/#breadcrumb"},"inLanguage":"en-US","potentialAction":[{"@type":"ReadAction","target":["https:\/\/forum-fts.com\/en\/consulting-planning\/consulting-packages\/6-mentoring-the-contract-awarding\/"]}]},{"@type":"BreadcrumbList","@id":"https:\/\/forum-fts.com\/en\/consulting-planning\/consulting-packages\/6-mentoring-the-contract-awarding\/#breadcrumb","itemListElement":[{"@type":"ListItem","position":1,"name":"Home","item":"https:\/\/forum-fts.com\/en\/"},{"@type":"ListItem","position":2,"name":"Consulting &#038; planning","item":"https:\/\/forum-fts.com\/en\/beratung-planung\/"},{"@type":"ListItem","position":3,"name":"Consulting Packages","item":"https:\/\/forum-fts.com\/en\/beratung-planung\/beratung-planung-fuer-anwender\/"},{"@type":"ListItem","position":4,"name":"7. Mentoring the Contract Awarding"}]},{"@type":"WebSite","@id":"https:\/\/forum-fts.com\/en\/#website","url":"https:\/\/forum-fts.com\/en\/","name":"Forum FTS","description":"... f\u00fcr erfolgreiche FTS-Projekte!","publisher":{"@id":"https:\/\/forum-fts.com\/en\/#organization"},"potentialAction":[{"@type":"SearchAction","target":{"@type":"EntryPoint","urlTemplate":"https:\/\/forum-fts.com\/en\/?s={search_term_string}"},"query-input":{"@type":"PropertyValueSpecification","valueRequired":true,"valueName":"search_term_string"}}],"inLanguage":"en-US"},{"@type":"Organization","@id":"https:\/\/forum-fts.com\/en\/#organization","name":"Forum-FTS","url":"https:\/\/forum-fts.com\/en\/","logo":{"@type":"ImageObject","inLanguage":"en-US","@id":"https:\/\/forum-fts.com\/en\/#\/schema\/logo\/image\/","url":"https:\/\/forum-fts.com\/wp-content\/uploads\/2020\/03\/FTS_claim_color_rgb.svg","contentUrl":"https:\/\/forum-fts.com\/wp-content\/uploads\/2020\/03\/FTS_claim_color_rgb.svg","width":2000,"height":914,"caption":"Forum-FTS"},"image":{"@id":"https:\/\/forum-fts.com\/en\/#\/schema\/logo\/image\/"},"sameAs":["https:\/\/www.facebook.com\/forumfts\/"]}]}},"_links":{"self":[{"href":"https:\/\/forum-fts.com\/en\/wp-json\/wp\/v2\/pages\/2309","targetHints":{"allow":["GET"]}}],"collection":[{"href":"https:\/\/forum-fts.com\/en\/wp-json\/wp\/v2\/pages"}],"about":[{"href":"https:\/\/forum-fts.com\/en\/wp-json\/wp\/v2\/types\/page"}],"author":[{"embeddable":true,"href":"https:\/\/forum-fts.com\/en\/wp-json\/wp\/v2\/users\/4"}],"replies":[{"embeddable":true,"href":"https:\/\/forum-fts.com\/en\/wp-json\/wp\/v2\/comments?post=2309"}],"version-history":[{"count":2,"href":"https:\/\/forum-fts.com\/en\/wp-json\/wp\/v2\/pages\/2309\/revisions"}],"predecessor-version":[{"id":11232,"href":"https:\/\/forum-fts.com\/en\/wp-json\/wp\/v2\/pages\/2309\/revisions\/11232"}],"up":[{"embeddable":true,"href":"https:\/\/forum-fts.com\/en\/wp-json\/wp\/v2\/pages\/2295"}],"wp:attachment":[{"href":"https:\/\/forum-fts.com\/en\/wp-json\/wp\/v2\/media?parent=2309"}],"curies":[{"name":"wp","href":"https:\/\/api.w.org\/{rel}","templated":true}]}}